{"id":283,"date":"2020-03-21T21:17:49","date_gmt":"2020-03-21T20:17:49","guid":{"rendered":"http:\/\/wordpress2027066.home.pl\/autoinstalator\/wordpressplus\/?page_id=283"},"modified":"2022-09-10T14:53:53","modified_gmt":"2022-09-10T12:53:53","slug":"o-nas","status":"publish","type":"page","link":"https:\/\/ecomadera.eu\/index.php\/o-nas\/","title":{"rendered":"O nas"},"content":{"rendered":"\n<pre class=\"wp-block-preformatted\">EcoMadera jest mark\u0105 sp\u00f3\u0142ki AGA INVEST Sp. z o.o. z siedzib\u0105 w Sopocie.\n\nSp\u00f3\u0142ka powsta\u0142a w 2012 roku na bazie wieloletniego do\u015bwiadczenia wsp\u00f3lnik\u00f3w Sp\u00f3\u0142ki, kt\u00f3rzy dzia\u0142aj\u0105 na rynku us\u0142ug budowlanych i instalacyjnych od 1995 roku. Sp\u00f3\u0142ka \u015bwiadczy us\u0142ugi w zakresie rob\u00f3t instalacyjnych i projektowych.\n\nCelem wprowadzenia marki EcoMadera jest dostarczanie naszym klientom kompleksowej obs\u0142ugi w zakresie budowy nowoczesnych i ekologicznych dom\u00f3w modu\u0142owych.\nStworzyli\u015bmy autorski system budownictwa modu\u0142owego EcoMadera w technologii drewnianej. Zastosowanie drewna jako podstawowego materia\u0142u konstrukcyjnego wpisuje nasz system w og\u00f3lnoeuropejski trend ekologiczny. \nPosiadamy w\u0142asne biuro projektowe realizuj\u0105ce projekty budowlane i wykonawcze we wszystkich bran\u017cach.\nNasz zesp\u00f3\u0142 sk\u0142ada si\u0119 z wykwalifikowanej kadry in\u017cynieryjnej posiadaj\u0105cej wymagane przepisami uprawnienia do projektowania i wykonawstwa rob\u00f3t budowlanych.\n\nZapraszamy do skorzystania z naszych us\u0142ug!\n\nZesp\u00f3\u0142 EcoMadera<\/pre>\n","protected":false},"excerpt":{"rendered":"<p>EcoMadera jest mark\u0105 sp\u00f3\u0142ki AGA INVEST Sp. z o.o. z siedzib\u0105 w Sopocie. Sp\u00f3\u0142ka powsta\u0142a w 2012 roku na bazie wieloletniego do\u015bwiadczenia wsp\u00f3lnik\u00f3w Sp\u00f3\u0142ki, kt\u00f3rzy dzia\u0142aj\u0105 na rynku us\u0142ug budowlanych i instalacyjnych od 1995 roku. Sp\u00f3\u0142ka \u015bwiadczy us\u0142ugi w zakresie rob\u00f3t instalacyjnych i projektowych. Celem wprowadzenia marki EcoMadera jest dostarczanie naszym klientom kompleksowej obs\u0142ugi w [&hellip;]<\/p>\n","protected":false},"author":1,"featured_media":520,"parent":0,"menu_order":0,"comment_status":"closed","ping_status":"closed","template":"","meta":{"footnotes":""},"class_list":["post-283","page","type-page","status-publish","has-post-thumbnail","hentry"],"_links":{"self":[{"href":"https:\/\/ecomadera.eu\/index.php\/wp-json\/wp\/v2\/pages\/283","targetHints":{"allow":["GET"]}}],"collection":[{"href":"https:\/\/ecomadera.eu\/index.php\/wp-json\/wp\/v2\/pages"}],"about":[{"href":"https:\/\/ecomadera.eu\/index.php\/wp-json\/wp\/v2\/types\/page"}],"author":[{"embeddable":true,"href":"https:\/\/ecomadera.eu\/index.php\/wp-json\/wp\/v2\/users\/1"}],"replies":[{"embeddable":true,"href":"https:\/\/ecomadera.eu\/index.php\/wp-json\/wp\/v2\/comments?post=283"}],"version-history":[{"count":6,"href":"https:\/\/ecomadera.eu\/index.php\/wp-json\/wp\/v2\/pages\/283\/revisions"}],"predecessor-version":[{"id":927,"href":"https:\/\/ecomadera.eu\/index.php\/wp-json\/wp\/v2\/pages\/283\/revisions\/927"}],"wp:featuredmedia":[{"embeddable":true,"href":"https:\/\/ecomadera.eu\/index.php\/wp-json\/wp\/v2\/media\/520"}],"wp:attachment":[{"href":"https:\/\/ecomadera.eu\/index.php\/wp-json\/wp\/v2\/media?parent=283"}],"curies":[{"name":"wp","href":"https:\/\/api.w.org\/{rel}","templated":true}]}}