{"id":341,"date":"2018-04-13T06:58:40","date_gmt":"2018-04-13T06:58:40","guid":{"rendered":"https:\/\/www.coothemes.com\/demos\/best-food-pro\/?page_id=2"},"modified":"2022-01-08T19:10:33","modified_gmt":"2022-01-08T18:10:33","slug":"projekty-konstrukcyjne","status":"publish","type":"page","link":"https:\/\/ecomadera.eu\/index.php\/projekty-konstrukcyjne\/","title":{"rendered":"Projekty konstrukcyjne"},"content":{"rendered":"\n<pre class=\"wp-block-preformatted\">Wykonujemy projekty konstrukcyjne budynk\u00f3w wszystkich rodzaj\u00f3w: mieszkalnych, u\u017cyteczno\u015bci publicznej, przemys\u0142owych.\nOferujemy wykonawstwo projekt\u00f3w budowlanych i wykonawczych. \nPosiadamy bogate do\u015bwiadczenie w projektowaniu z\u0142o\u017conych obiekt\u00f3w kubaturowych u\u017cyteczno\u015bci publicznej (m.in.: sale gimnastyczne, przedszkola, szpitale).\n\nNasze projekty opracowywane s\u0105 przy u\u017cyciu nowoczesnego zaawansowanego oprogramowania do modelowania MES 3D. \nWykonujemy projekty konstrukcji \u017celbetowych, stalowych i drewnianych.\nPonadto oferujemy adaptacj\u0119 konstrukcji tradycyjnej budynk\u00f3w mieszkalnych na ekologiczn\u0105 konstrukcj\u0119 drewnian\u0105.\n\nNasza oferta w zakresie projekt\u00f3w konstrukcyjnych skierowana jest do pracowni architektonicznych, indywidualnych architekt\u00f3w, jednostek samorz\u0105dowych, deweloper\u00f3w i inwestor\u00f3w prywatnych.\n\nKa\u017cdy projekt jest wyceniany indywidualnie.\n\nW przypadku pyta\u0144 prosimy o kontakt telefoniczny lub mailowy.  <\/pre>\n","protected":false},"excerpt":{"rendered":"<p>Wykonujemy projekty konstrukcyjne budynk\u00f3w wszystkich rodzaj\u00f3w: mieszkalnych, u\u017cyteczno\u015bci publicznej, przemys\u0142owych. Oferujemy wykonawstwo projekt\u00f3w budowlanych i wykonawczych. Posiadamy bogate do\u015bwiadczenie w projektowaniu z\u0142o\u017conych obiekt\u00f3w kubaturowych u\u017cyteczno\u015bci publicznej (m.in.: sale gimnastyczne, przedszkola, szpitale). Nasze projekty opracowywane s\u0105 przy u\u017cyciu nowoczesnego zaawansowanego oprogramowania do modelowania MES 3D. Wykonujemy projekty konstrukcji \u017celbetowych, stalowych i drewnianych. Ponadto oferujemy adaptacj\u0119 konstrukcji [&hellip;]<\/p>\n","protected":false},"author":1,"featured_media":757,"parent":0,"menu_order":0,"comment_status":"closed","ping_status":"open","template":"","meta":{"footnotes":""},"class_list":["post-341","page","type-page","status-publish","has-post-thumbnail","hentry"],"_links":{"self":[{"href":"https:\/\/ecomadera.eu\/index.php\/wp-json\/wp\/v2\/pages\/341","targetHints":{"allow":["GET"]}}],"collection":[{"href":"https:\/\/ecomadera.eu\/index.php\/wp-json\/wp\/v2\/pages"}],"about":[{"href":"https:\/\/ecomadera.eu\/index.php\/wp-json\/wp\/v2\/types\/page"}],"author":[{"embeddable":true,"href":"https:\/\/ecomadera.eu\/index.php\/wp-json\/wp\/v2\/users\/1"}],"replies":[{"embeddable":true,"href":"https:\/\/ecomadera.eu\/index.php\/wp-json\/wp\/v2\/comments?post=341"}],"version-history":[{"count":5,"href":"https:\/\/ecomadera.eu\/index.php\/wp-json\/wp\/v2\/pages\/341\/revisions"}],"predecessor-version":[{"id":892,"href":"https:\/\/ecomadera.eu\/index.php\/wp-json\/wp\/v2\/pages\/341\/revisions\/892"}],"wp:featuredmedia":[{"embeddable":true,"href":"https:\/\/ecomadera.eu\/index.php\/wp-json\/wp\/v2\/media\/757"}],"wp:attachment":[{"href":"https:\/\/ecomadera.eu\/index.php\/wp-json\/wp\/v2\/media?parent=341"}],"curies":[{"name":"wp","href":"https:\/\/api.w.org\/{rel}","templated":true}]}}