{"id":737,"date":"2020-03-22T19:52:35","date_gmt":"2020-03-22T18:52:35","guid":{"rendered":"http:\/\/wordpress2027066.home.pl\/autoinstalator\/wordpressplus\/?page_id=737"},"modified":"2022-09-10T16:18:43","modified_gmt":"2022-09-10T14:18:43","slug":"our-exclusive-services","status":"publish","type":"page","link":"https:\/\/ecomadera.eu\/index.php\/our-exclusive-services\/","title":{"rendered":"Nasze us\u0142ugi"},"content":{"rendered":"\t\t<div data-elementor-type=\"wp-page\" data-elementor-id=\"737\" class=\"elementor elementor-737\">\n\t\t\t\t\t\t<section class=\"elementor-section elementor-top-section elementor-element elementor-element-12077f12 elementor-section-boxed elementor-section-height-default elementor-section-height-default\" data-id=\"12077f12\" data-element_type=\"section\" data-e-type=\"section\">\n\t\t\t\t\t\t<div class=\"elementor-container elementor-column-gap-default\">\n\t\t\t\t\t<div class=\"elementor-column elementor-col-100 elementor-top-column elementor-element elementor-element-5f81c651\" data-id=\"5f81c651\" data-element_type=\"column\" data-e-type=\"column\">\n\t\t\t<div class=\"elementor-widget-wrap elementor-element-populated\">\n\t\t\t\t\t\t<div class=\"elementor-element elementor-element-171d9055 elementor-widget elementor-widget-text-editor\" data-id=\"171d9055\" data-element_type=\"widget\" data-e-type=\"widget\" data-widget_type=\"text-editor.default\">\n\t\t\t\t<div class=\"elementor-widget-container\">\n\t\t\t\t\t\t\t\t\t<p><\/p>\n<p>Szukasz nowego ekologicznego i niskoenergetycznego domu, kt\u00f3ry mo\u017cesz mie\u0107 ju\u017c za 2 miesi\u0105ce?<\/p>\n<p><\/p>\n<p><\/p>\n<p>A mo\u017ce potrzebujesz projekt indywidualny dla Twojej nowej inwestycji lub szukasz do\u015bwiadczonego biura projektowego, kt\u00f3re wykona dla Ciebie projekt bran\u017cowy?<\/p>\n<p><\/p>\n<p><\/p>\n<p>Ju\u017c nie musisz d\u0142u\u017cej szuka\u0107!  Nasza firma zrealizuje wszystkie Twoje potrzeby i marzenia o nowym domu!<\/p>\n<p><\/p>\n<p><\/p>\n<p>Zapoznaj si\u0119 z nasz\u0105 ofert\u0105. Zadzwo\u0144 lub napisz. Odpowiemy na wszystkie Twoje pytania i dostosujemy dla Ciebie wybran\u0105 us\u0142ug\u0119.<\/p>\n<p><\/p>\n<p><\/p>\n<p>Zapraszamy!<\/p>\n<p><\/p>\t\t\t\t\t\t\t\t<\/div>\n\t\t\t\t<\/div>\n\t\t\t\t\t<\/div>\n\t\t<\/div>\n\t\t\t\t\t<\/div>\n\t\t<\/section>\n\t\t\t\t<\/div>\n\t\t","protected":false},"excerpt":{"rendered":"<p>Szukasz nowego ekologicznego i niskoenergetycznego domu, kt\u00f3ry mo\u017cesz mie\u0107 ju\u017c za 2 miesi\u0105ce? A mo\u017ce potrzebujesz projekt indywidualny dla Twojej nowej inwestycji lub szukasz do\u015bwiadczonego biura projektowego, kt\u00f3re wykona dla Ciebie projekt bran\u017cowy? Ju\u017c nie musisz d\u0142u\u017cej szuka\u0107! Nasza firma zrealizuje wszystkie Twoje potrzeby i marzenia o nowym domu! Zapoznaj si\u0119 z nasz\u0105 ofert\u0105. Zadzwo\u0144 [&hellip;]<\/p>\n","protected":false},"author":1,"featured_media":0,"parent":0,"menu_order":0,"comment_status":"closed","ping_status":"closed","template":"","meta":{"footnotes":""},"class_list":["post-737","page","type-page","status-publish","hentry"],"_links":{"self":[{"href":"https:\/\/ecomadera.eu\/index.php\/wp-json\/wp\/v2\/pages\/737","targetHints":{"allow":["GET"]}}],"collection":[{"href":"https:\/\/ecomadera.eu\/index.php\/wp-json\/wp\/v2\/pages"}],"about":[{"href":"https:\/\/ecomadera.eu\/index.php\/wp-json\/wp\/v2\/types\/page"}],"author":[{"embeddable":true,"href":"https:\/\/ecomadera.eu\/index.php\/wp-json\/wp\/v2\/users\/1"}],"replies":[{"embeddable":true,"href":"https:\/\/ecomadera.eu\/index.php\/wp-json\/wp\/v2\/comments?post=737"}],"version-history":[{"count":7,"href":"https:\/\/ecomadera.eu\/index.php\/wp-json\/wp\/v2\/pages\/737\/revisions"}],"predecessor-version":[{"id":934,"href":"https:\/\/ecomadera.eu\/index.php\/wp-json\/wp\/v2\/pages\/737\/revisions\/934"}],"wp:attachment":[{"href":"https:\/\/ecomadera.eu\/index.php\/wp-json\/wp\/v2\/media?parent=737"}],"curies":[{"name":"wp","href":"https:\/\/api.w.org\/{rel}","templated":true}]}}