{"id":742,"date":"2020-03-22T19:57:13","date_gmt":"2020-03-22T18:57:13","guid":{"rendered":"http:\/\/wordpress2027066.home.pl\/autoinstalator\/wordpressplus\/?page_id=742"},"modified":"2022-01-08T18:12:59","modified_gmt":"2022-01-08T17:12:59","slug":"biuro-projektowe","status":"publish","type":"page","link":"https:\/\/ecomadera.eu\/index.php\/biuro-projektowe\/","title":{"rendered":"Biuro projektowe"},"content":{"rendered":"\n<pre class=\"wp-block-preformatted\">Nasza firma posiada w\u0142asne biuro projektowe. Zesp\u00f3\u0142 projektowy sk\u0142ada si\u0119 z architekt\u00f3w, konstruktor\u00f3w, oraz projektant\u00f3w bran\u017cy elektrycznej i sanitarnej.\n\u015awiadczymy us\u0142ugi projektowe od 2007 roku. Dzia\u0142amy na terenie ca\u0142ej Polski.\n\nWykonujemy wielobran\u017cowe projekty budynk\u00f3w u\u017cyteczno\u015bci publicznej, budynk\u00f3w mieszkaniowych oraz przemys\u0142owych.\n\nOpr\u00f3cz wykonawstwa pe\u0142nych wielobran\u017cowych dokumentacji technicznych wykonujemy tak\u017ce projekty oddzielne dla ka\u017cdej z bran\u017c w zakresie budownictwa indywidualnego, u\u017cyteczno\u015bci publicznej i przemys\u0142owych.\n\nOdbiorcami naszych us\u0142ug s\u0105 zar\u00f3wno pracownie architektoniczne, inwestorzy prywatni jak i jednostki samorz\u0105dowe.\n\nOferujemy r\u00f3wnie\u017c adaptacje projekt\u00f3w budynk\u00f3w.\nSzczeg\u00f3lnie polecamy naszym klientom projekty adaptacji w zakresie zmiany konstrukcji tradycyjnej na ekologiczn\u0105 drewnian\u0105.\n\nOferujemy biurom architektonicznym i indywidualnym architektom  wykonawstwo projekt\u00f3w bran\u017cy konstrukcyjnej, sanitarnej i elektrycznej.\n\nNasz zesp\u00f3\u0142 projektowy sk\u0142ada si\u0119 z in\u017cynier\u00f3w i architekt\u00f3w o wieloletnim do\u015bwiadczeniu.\n\nW naszym portfolio znajduj\u0105 si\u0119 budynki u\u017cyteczno\u015bci publicznej jak sale gimnastyczne, obiekty s\u0142u\u017cby zdrowia, obiekty kultury, budynki zamieszkania zbiorowego, mieszkalne wielorodzinne i jednorodzinne.\nNa \u017cyczenie Klienta oferujemy zast\u0119pstwo Inwestorskie na etapie uzyskania decyzji o pozwoleniu na budow\u0119. \n\nZapraszamy do skorzystania z naszych us\u0142ug.<\/pre>\n","protected":false},"excerpt":{"rendered":"<p>Nasza firma posiada w\u0142asne biuro projektowe. Zesp\u00f3\u0142 projektowy sk\u0142ada si\u0119 z architekt\u00f3w, konstruktor\u00f3w, oraz projektant\u00f3w bran\u017cy elektrycznej i sanitarnej. \u015awiadczymy us\u0142ugi projektowe od 2007 roku. Dzia\u0142amy na terenie ca\u0142ej Polski. Wykonujemy wielobran\u017cowe projekty budynk\u00f3w u\u017cyteczno\u015bci publicznej, budynk\u00f3w mieszkaniowych oraz przemys\u0142owych. Opr\u00f3cz wykonawstwa pe\u0142nych wielobran\u017cowych dokumentacji technicznych wykonujemy tak\u017ce projekty oddzielne dla ka\u017cdej z bran\u017c w [&hellip;]<\/p>\n","protected":false},"author":1,"featured_media":849,"parent":0,"menu_order":0,"comment_status":"closed","ping_status":"closed","template":"","meta":{"footnotes":""},"class_list":["post-742","page","type-page","status-publish","has-post-thumbnail","hentry"],"_links":{"self":[{"href":"https:\/\/ecomadera.eu\/index.php\/wp-json\/wp\/v2\/pages\/742","targetHints":{"allow":["GET"]}}],"collection":[{"href":"https:\/\/ecomadera.eu\/index.php\/wp-json\/wp\/v2\/pages"}],"about":[{"href":"https:\/\/ecomadera.eu\/index.php\/wp-json\/wp\/v2\/types\/page"}],"author":[{"embeddable":true,"href":"https:\/\/ecomadera.eu\/index.php\/wp-json\/wp\/v2\/users\/1"}],"replies":[{"embeddable":true,"href":"https:\/\/ecomadera.eu\/index.php\/wp-json\/wp\/v2\/comments?post=742"}],"version-history":[{"count":6,"href":"https:\/\/ecomadera.eu\/index.php\/wp-json\/wp\/v2\/pages\/742\/revisions"}],"predecessor-version":[{"id":848,"href":"https:\/\/ecomadera.eu\/index.php\/wp-json\/wp\/v2\/pages\/742\/revisions\/848"}],"wp:featuredmedia":[{"embeddable":true,"href":"https:\/\/ecomadera.eu\/index.php\/wp-json\/wp\/v2\/media\/849"}],"wp:attachment":[{"href":"https:\/\/ecomadera.eu\/index.php\/wp-json\/wp\/v2\/media?parent=742"}],"curies":[{"name":"wp","href":"https:\/\/api.w.org\/{rel}","templated":true}]}}